{"id":1416,"date":"2024-05-18T08:24:45","date_gmt":"2024-05-18T08:24:45","guid":{"rendered":"https:\/\/annaf.com.br\/site\/?page_id=1416"},"modified":"2024-07-23T02:10:53","modified_gmt":"2024-07-23T02:10:53","slug":"blog","status":"publish","type":"page","link":"https:\/\/usina360.com\/site\/blog\/","title":{"rendered":"blog"},"content":{"rendered":"\t\t<div data-elementor-type=\"wp-page\" data-elementor-id=\"1416\" class=\"elementor elementor-1416\" data-elementor-post-type=\"page\">\n\t\t\t\t<div class=\"elementor-element elementor-element-0d4b8f2 e-con-full e-flex wpr-particle-no wpr-jarallax-no wpr-parallax-no wpr-sticky-section-no e-con e-parent\" data-id=\"0d4b8f2\" data-element_type=\"container\">\n\t\t<div class=\"elementor-element elementor-element-434e2ed e-con-full e-flex wpr-particle-no wpr-jarallax-no wpr-parallax-no wpr-sticky-section-no e-con e-child\" data-id=\"434e2ed\" data-element_type=\"container\">\n\t\t<div class=\"elementor-element elementor-element-7c25b06 e-flex e-con-boxed wpr-particle-no wpr-jarallax-no wpr-parallax-no wpr-sticky-section-no e-con e-child\" data-id=\"7c25b06\" data-element_type=\"container\">\n\t\t\t\t\t<div class=\"e-con-inner\">\n\t\t<div class=\"elementor-element elementor-element-a021a71 e-con-full e-flex wpr-particle-no wpr-jarallax-no wpr-parallax-no wpr-sticky-section-no e-con e-child\" data-id=\"a021a71\" data-element_type=\"container\" data-settings=\"{&quot;background_background&quot;:&quot;classic&quot;}\">\n\t\t<div class=\"elementor-element elementor-element-0c1b14f e-flex e-con-boxed wpr-particle-no wpr-jarallax-no wpr-parallax-no wpr-sticky-section-no e-con e-child\" data-id=\"0c1b14f\" data-element_type=\"container\">\n\t\t\t\t\t<div class=\"e-con-inner\">\n\t\t\t\t<div class=\"elementor-element elementor-element-519536b elementor-widget elementor-widget-heading\" data-id=\"519536b\" data-element_type=\"widget\" data-widget_type=\"heading.default\">\n\t\t\t\t<div class=\"elementor-widget-container\">\n\t\t\t\t\t<h2 class=\"elementor-heading-title elementor-size-default\">blog usina360<\/h2>\t\t\t\t<\/div>\n\t\t\t\t<\/div>\n\t\t\t\t<div class=\"elementor-element elementor-element-29e12ef elementor-widget__width-initial elementor-widget-mobile__width-initial wpr-grid-columns-3 wpr-grid-columns--tablet2 wpr-grid-columns--mobile1 wpr-grid-pagination-center wpr-item-styles-inner elementor-widget elementor-widget-wpr-grid\" data-id=\"29e12ef\" data-element_type=\"widget\" data-widget_type=\"wpr-grid.default\">\n\t\t\t\t<div class=\"elementor-widget-container\">\n\t\t\t\t\t<h2>No Posts Found!<\/h2>\t\t\t\t<\/div>\n\t\t\t\t<\/div>\n\t\t\t\t\t<\/div>\n\t\t\t\t<\/div>\n\t\t\t\t<\/div>\n\t\t\t\t\t<\/div>\n\t\t\t\t<\/div>\n\t\t\t\t<\/div>\n\t\t\t\t<\/div>\n\t\t\t\t<\/div>\n\t\t","protected":false},"excerpt":{"rendered":"<p>blog usina360 Tudo Viajando com experi\u00eancia Moda: que neg\u00f3cio \u00e9 esse? Criatividade \u00e9 lifestyle CAF\u00c9 AGRIDOCE: UMA GASTRO EXPERI\u00caNCIA \u00daNICA EM PORTO ALEGRE 26 de junho de 2024\/Anna Franco Descubra a casa do Chapeleiro Maluco na Cidade Baixa Uma fachada intrigante e acolhedora Bem-vindos \u00e0 casa AGRIDOCE, onde cada&hellip; CAF\u00c9? AGRIDOCE! 22 de junho de 2024\/Anna Franco Gastro experi\u00eancia de comer na casa do chapeleiro maluco. Bem vindos \u00e0 casa AGRIDOCE.&nbsp; Iniciamos nossa imers\u00e3o em um mundo&hellip; A criatividade no lifestyle: Cultura e modo de vida 18 de maio de 2024\/Anna Franco Lorem ipsum dolor sit amet, consectetur adipiscing elit, sed do eiusmod tempor incididunt ut labore et dolore magna aliqua. Ut&hellip; mais artigos sem mais<\/p>\n","protected":false},"author":3,"featured_media":0,"parent":0,"menu_order":0,"comment_status":"closed","ping_status":"closed","template":"elementor_header_footer","meta":{"om_disable_all_campaigns":false,"_monsterinsights_skip_tracking":false,"_monsterinsights_sitenote_active":false,"_monsterinsights_sitenote_note":"","_monsterinsights_sitenote_category":0,"_uf_show_specific_survey":0,"_uf_disable_surveys":false,"footnotes":""},"class_list":["post-1416","page","type-page","status-publish","hentry"],"yoast_head":"<!-- This site is optimized with the Yoast SEO plugin v24.9 - https:\/\/yoast.com\/wordpress\/plugins\/seo\/ -->\n<title>blog - Usina 360<\/title>\n<meta name=\"robots\" content=\"index, follow, max-snippet:-1, max-image-preview:large, max-video-preview:-1\" \/>\n<link rel=\"canonical\" href=\"https:\/\/usina360.com\/site\/blog\/\" \/>\n<meta property=\"og:locale\" content=\"pt_PT\" \/>\n<meta property=\"og:type\" content=\"article\" \/>\n<meta property=\"og:title\" content=\"blog - Usina 360\" \/>\n<meta property=\"og:description\" content=\"blog usina360 Tudo Viajando com experi\u00eancia Moda: que neg\u00f3cio \u00e9 esse? Criatividade \u00e9 lifestyle CAF\u00c9 AGRIDOCE: UMA GASTRO EXPERI\u00caNCIA \u00daNICA EM PORTO ALEGRE 26 de junho de 2024\/Anna Franco Descubra a casa do Chapeleiro Maluco na Cidade Baixa Uma fachada intrigante e acolhedora Bem-vindos \u00e0 casa AGRIDOCE, onde cada&hellip; CAF\u00c9? AGRIDOCE! 22 de junho de 2024\/Anna Franco Gastro experi\u00eancia de comer na casa do chapeleiro maluco. Bem vindos \u00e0 casa AGRIDOCE.&nbsp; Iniciamos nossa imers\u00e3o em um mundo&hellip; A criatividade no lifestyle: Cultura e modo de vida 18 de maio de 2024\/Anna Franco Lorem ipsum dolor sit amet, consectetur adipiscing elit, sed do eiusmod tempor incididunt ut labore et dolore magna aliqua. Ut&hellip; mais artigos sem mais\" \/>\n<meta property=\"og:url\" content=\"https:\/\/usina360.com\/site\/blog\/\" \/>\n<meta property=\"og:site_name\" content=\"Usina 360\" \/>\n<meta property=\"article:modified_time\" content=\"2024-07-23T02:10:53+00:00\" \/>\n<meta property=\"og:image\" content=\"https:\/\/usina360.com\/site\/wp-content\/uploads\/2024\/06\/Mask-group-3.jpg\" \/>\n<meta name=\"twitter:card\" content=\"summary_large_image\" \/>\n<meta name=\"twitter:label1\" content=\"Tempo estimado de leitura\" \/>\n\t<meta name=\"twitter:data1\" content=\"2 minutos\" \/>\n<script type=\"application\/ld+json\" class=\"yoast-schema-graph\">{\"@context\":\"https:\/\/schema.org\",\"@graph\":[{\"@type\":\"WebPage\",\"@id\":\"https:\/\/usina360.com\/site\/blog\/\",\"url\":\"https:\/\/usina360.com\/site\/blog\/\",\"name\":\"blog - Usina 360\",\"isPartOf\":{\"@id\":\"https:\/\/usina360.com\/site\/#website\"},\"primaryImageOfPage\":{\"@id\":\"https:\/\/usina360.com\/site\/blog\/#primaryimage\"},\"image\":{\"@id\":\"https:\/\/usina360.com\/site\/blog\/#primaryimage\"},\"thumbnailUrl\":\"https:\/\/usina360.com\/site\/wp-content\/uploads\/2024\/06\/Mask-group-3.jpg\",\"datePublished\":\"2024-05-18T08:24:45+00:00\",\"dateModified\":\"2024-07-23T02:10:53+00:00\",\"breadcrumb\":{\"@id\":\"https:\/\/usina360.com\/site\/blog\/#breadcrumb\"},\"inLanguage\":\"pt-PT\",\"potentialAction\":[{\"@type\":\"ReadAction\",\"target\":[\"https:\/\/usina360.com\/site\/blog\/\"]}]},{\"@type\":\"ImageObject\",\"inLanguage\":\"pt-PT\",\"@id\":\"https:\/\/usina360.com\/site\/blog\/#primaryimage\",\"url\":\"https:\/\/usina360.com\/site\/wp-content\/uploads\/2024\/06\/Mask-group-3.jpg\",\"contentUrl\":\"https:\/\/usina360.com\/site\/wp-content\/uploads\/2024\/06\/Mask-group-3.jpg\",\"width\":1024,\"height\":620,\"caption\":\"CAF\u00c9 AGRIDOCE: UMA GASTRO EXPERI\u00caNCIA \u00daNICA EM PORTO ALEGRE - annaf.com.br\"},{\"@type\":\"BreadcrumbList\",\"@id\":\"https:\/\/usina360.com\/site\/blog\/#breadcrumb\",\"itemListElement\":[{\"@type\":\"ListItem\",\"position\":1,\"name\":\"In\u00edcio\",\"item\":\"https:\/\/usina360.com\/site\/\"},{\"@type\":\"ListItem\",\"position\":2,\"name\":\"blog\"}]},{\"@type\":\"WebSite\",\"@id\":\"https:\/\/usina360.com\/site\/#website\",\"url\":\"https:\/\/usina360.com\/site\/\",\"name\":\"Usina 360\",\"description\":\"Usina 360 - Ideias em conex\u00e3o\",\"potentialAction\":[{\"@type\":\"SearchAction\",\"target\":{\"@type\":\"EntryPoint\",\"urlTemplate\":\"https:\/\/usina360.com\/site\/?s={search_term_string}\"},\"query-input\":{\"@type\":\"PropertyValueSpecification\",\"valueRequired\":true,\"valueName\":\"search_term_string\"}}],\"inLanguage\":\"pt-PT\"}]}<\/script>\n<!-- \/ Yoast SEO plugin. -->","yoast_head_json":{"title":"blog - Usina 360","robots":{"index":"index","follow":"follow","max-snippet":"max-snippet:-1","max-image-preview":"max-image-preview:large","max-video-preview":"max-video-preview:-1"},"canonical":"https:\/\/usina360.com\/site\/blog\/","og_locale":"pt_PT","og_type":"article","og_title":"blog - Usina 360","og_description":"blog usina360 Tudo Viajando com experi\u00eancia Moda: que neg\u00f3cio \u00e9 esse? Criatividade \u00e9 lifestyle CAF\u00c9 AGRIDOCE: UMA GASTRO EXPERI\u00caNCIA \u00daNICA EM PORTO ALEGRE 26 de junho de 2024\/Anna Franco Descubra a casa do Chapeleiro Maluco na Cidade Baixa Uma fachada intrigante e acolhedora Bem-vindos \u00e0 casa AGRIDOCE, onde cada&hellip; CAF\u00c9? AGRIDOCE! 22 de junho de 2024\/Anna Franco Gastro experi\u00eancia de comer na casa do chapeleiro maluco. Bem vindos \u00e0 casa AGRIDOCE.&nbsp; Iniciamos nossa imers\u00e3o em um mundo&hellip; A criatividade no lifestyle: Cultura e modo de vida 18 de maio de 2024\/Anna Franco Lorem ipsum dolor sit amet, consectetur adipiscing elit, sed do eiusmod tempor incididunt ut labore et dolore magna aliqua. Ut&hellip; mais artigos sem mais","og_url":"https:\/\/usina360.com\/site\/blog\/","og_site_name":"Usina 360","article_modified_time":"2024-07-23T02:10:53+00:00","og_image":[{"url":"https:\/\/usina360.com\/site\/wp-content\/uploads\/2024\/06\/Mask-group-3.jpg","type":"","width":"","height":""}],"twitter_card":"summary_large_image","twitter_misc":{"Tempo estimado de leitura":"2 minutos"},"schema":{"@context":"https:\/\/schema.org","@graph":[{"@type":"WebPage","@id":"https:\/\/usina360.com\/site\/blog\/","url":"https:\/\/usina360.com\/site\/blog\/","name":"blog - Usina 360","isPartOf":{"@id":"https:\/\/usina360.com\/site\/#website"},"primaryImageOfPage":{"@id":"https:\/\/usina360.com\/site\/blog\/#primaryimage"},"image":{"@id":"https:\/\/usina360.com\/site\/blog\/#primaryimage"},"thumbnailUrl":"https:\/\/usina360.com\/site\/wp-content\/uploads\/2024\/06\/Mask-group-3.jpg","datePublished":"2024-05-18T08:24:45+00:00","dateModified":"2024-07-23T02:10:53+00:00","breadcrumb":{"@id":"https:\/\/usina360.com\/site\/blog\/#breadcrumb"},"inLanguage":"pt-PT","potentialAction":[{"@type":"ReadAction","target":["https:\/\/usina360.com\/site\/blog\/"]}]},{"@type":"ImageObject","inLanguage":"pt-PT","@id":"https:\/\/usina360.com\/site\/blog\/#primaryimage","url":"https:\/\/usina360.com\/site\/wp-content\/uploads\/2024\/06\/Mask-group-3.jpg","contentUrl":"https:\/\/usina360.com\/site\/wp-content\/uploads\/2024\/06\/Mask-group-3.jpg","width":1024,"height":620,"caption":"CAF\u00c9 AGRIDOCE: UMA GASTRO EXPERI\u00caNCIA \u00daNICA EM PORTO ALEGRE - annaf.com.br"},{"@type":"BreadcrumbList","@id":"https:\/\/usina360.com\/site\/blog\/#breadcrumb","itemListElement":[{"@type":"ListItem","position":1,"name":"In\u00edcio","item":"https:\/\/usina360.com\/site\/"},{"@type":"ListItem","position":2,"name":"blog"}]},{"@type":"WebSite","@id":"https:\/\/usina360.com\/site\/#website","url":"https:\/\/usina360.com\/site\/","name":"Usina 360","description":"Usina 360 - Ideias em conex\u00e3o","potentialAction":[{"@type":"SearchAction","target":{"@type":"EntryPoint","urlTemplate":"https:\/\/usina360.com\/site\/?s={search_term_string}"},"query-input":{"@type":"PropertyValueSpecification","valueRequired":true,"valueName":"search_term_string"}}],"inLanguage":"pt-PT"}]}},"_links":{"self":[{"href":"https:\/\/usina360.com\/site\/wp-json\/wp\/v2\/pages\/1416","targetHints":{"allow":["GET"]}}],"collection":[{"href":"https:\/\/usina360.com\/site\/wp-json\/wp\/v2\/pages"}],"about":[{"href":"https:\/\/usina360.com\/site\/wp-json\/wp\/v2\/types\/page"}],"author":[{"embeddable":true,"href":"https:\/\/usina360.com\/site\/wp-json\/wp\/v2\/users\/3"}],"replies":[{"embeddable":true,"href":"https:\/\/usina360.com\/site\/wp-json\/wp\/v2\/comments?post=1416"}],"version-history":[{"count":59,"href":"https:\/\/usina360.com\/site\/wp-json\/wp\/v2\/pages\/1416\/revisions"}],"predecessor-version":[{"id":2862,"href":"https:\/\/usina360.com\/site\/wp-json\/wp\/v2\/pages\/1416\/revisions\/2862"}],"wp:attachment":[{"href":"https:\/\/usina360.com\/site\/wp-json\/wp\/v2\/media?parent=1416"}],"curies":[{"name":"wp","href":"https:\/\/api.w.org\/{rel}","templated":true}]}}