{"id":2994,"date":"2024-07-23T15:26:35","date_gmt":"2024-07-23T15:26:35","guid":{"rendered":"https:\/\/picles.cc\/usina360\/?page_id=2994"},"modified":"2024-07-23T17:42:44","modified_gmt":"2024-07-23T17:42:44","slug":"contato","status":"publish","type":"page","link":"https:\/\/usina360.com\/site\/contato\/","title":{"rendered":"Contato"},"content":{"rendered":"\t\t<div data-elementor-type=\"wp-page\" data-elementor-id=\"2994\" class=\"elementor elementor-2994\" data-elementor-post-type=\"page\">\n\t\t\t\t<div class=\"elementor-element elementor-element-0d4b8f2 e-con-full e-flex wpr-particle-no wpr-jarallax-no wpr-parallax-no wpr-sticky-section-no e-con e-parent\" data-id=\"0d4b8f2\" data-element_type=\"container\">\n\t\t<div class=\"elementor-element elementor-element-434e2ed e-con-full e-flex wpr-particle-no wpr-jarallax-no wpr-parallax-no wpr-sticky-section-no e-con e-child\" data-id=\"434e2ed\" data-element_type=\"container\">\n\t\t<div class=\"elementor-element elementor-element-e02b5dc e-con-full e-flex wpr-particle-no wpr-jarallax-no wpr-parallax-no wpr-sticky-section-no e-con e-child\" data-id=\"e02b5dc\" data-element_type=\"container\">\n\t\t\t\t<div class=\"elementor-element elementor-element-14fcb1a elementor-widget elementor-widget-heading\" data-id=\"14fcb1a\" data-element_type=\"widget\" data-widget_type=\"heading.default\">\n\t\t\t\t<div class=\"elementor-widget-container\">\n\t\t\t\t\t<h2 class=\"elementor-heading-title elementor-size-default\">a gente quer muito te ouvir<\/h2>\t\t\t\t<\/div>\n\t\t\t\t<\/div>\n\t\t\t\t<div class=\"elementor-element elementor-element-99a44ed elementor-widget elementor-widget-text-editor\" data-id=\"99a44ed\" data-element_type=\"widget\" data-widget_type=\"text-editor.default\">\n\t\t\t\t<div class=\"elementor-widget-container\">\n\t\t\t\t\t\t\t\t\t<p>Preencha os campos abaixo e aguarde nosso contato em breve. Queremos transformar o seu evento em um momento grandioso e inesquec\u00edvel!<\/p>\t\t\t\t\t\t\t\t<\/div>\n\t\t\t\t<\/div>\n\t\t\t\t<div class=\"elementor-element elementor-element-88f6779 form-usina elementor-widget elementor-widget-shortcode\" data-id=\"88f6779\" data-element_type=\"widget\" data-widget_type=\"shortcode.default\">\n\t\t\t\t<div class=\"elementor-widget-container\">\n\t\t\t\t\t\t\t<div class=\"elementor-shortcode\"><div class=\"wpforms-container wpforms-container-full rsvp-form wpforms-render-modern\" id=\"wpforms-2996\"><form id=\"wpforms-form-2996\" class=\"wpforms-validate wpforms-form wpforms-ajax-form\" data-formid=\"2996\" method=\"post\" enctype=\"multipart\/form-data\" action=\"\/site\/wp-json\/wp\/v2\/pages\/2994\" data-token=\"187c2ab7dd3b40df116cea554b5e3b9f\" data-token-time=\"1778888481\"><noscript class=\"wpforms-error-noscript\">Please enable JavaScript in your browser to complete this form.<\/noscript><div class=\"wpforms-hidden\" id=\"wpforms-error-noscript\">Please enable JavaScript in your browser to complete this form.<\/div><div class=\"wpforms-field-container\"><div id=\"wpforms-2996-field_18-container\" class=\"wpforms-field wpforms-field-name\" data-field-id=\"18\"><label class=\"wpforms-field-label\" for=\"wpforms-2996-field_18\">Nome <span class=\"wpforms-required-label\" aria-hidden=\"true\">*<\/span><\/label><input type=\"text\" id=\"wpforms-2996-field_18\" class=\"wpforms-field-large wpforms-field-required\" name=\"wpforms[fields][18]\" aria-errormessage=\"wpforms-2996-field_18-error\" required><\/div><div id=\"wpforms-2996-field_8-container\" class=\"wpforms-field wpforms-field-email\" data-field-id=\"8\"><label class=\"wpforms-field-label\" for=\"wpforms-2996-field_8\">E-mail <span class=\"wpforms-required-label\" aria-hidden=\"true\">*<\/span><\/label><input type=\"email\" id=\"wpforms-2996-field_8\" class=\"wpforms-field-large wpforms-field-required\" name=\"wpforms[fields][8]\" spellcheck=\"false\" aria-errormessage=\"wpforms-2996-field_8-error\" required><\/div><div id=\"wpforms-2996-field_19-container\" class=\"wpforms-field wpforms-field-number\" data-field-id=\"19\"><label class=\"wpforms-field-label\" for=\"wpforms-2996-field_19\">Telefone  <span class=\"wpforms-required-label\" aria-hidden=\"true\">*<\/span><\/label><input type=\"number\" id=\"wpforms-2996-field_19\" class=\"wpforms-field-large wpforms-field-required\" name=\"wpforms[fields][19]\" step=\"any\" aria-errormessage=\"wpforms-2996-field_19-error\" aria-describedby=\"wpforms-2996-field_19-description\" required><div id=\"wpforms-2996-field_19-description\" class=\"wpforms-field-description\">( se poss\u00edvel WhatsApp )<\/div><\/div><div id=\"wpforms-2996-field_27-container\" class=\"wpforms-field wpforms-field-radio\" data-field-id=\"27\"><fieldset><legend class=\"wpforms-field-label\">Voc\u00ea \u00e9 um cliente da usina360, ou j\u00e1 participou de algum evento que fizemos?  <span class=\"wpforms-required-label\" aria-hidden=\"true\">*<\/span><\/legend><ul id=\"wpforms-2996-field_27\" class=\"wpforms-field-required\"><li class=\"choice-1 depth-1\"><input type=\"radio\" id=\"wpforms-2996-field_27_1\" name=\"wpforms[fields][27]\" value=\"Sou um cliente\" aria-errormessage=\"wpforms-2996-field_27_1-error\" required ><label class=\"wpforms-field-label-inline\" for=\"wpforms-2996-field_27_1\">Sou um cliente<\/label><\/li><li class=\"choice-2 depth-1\"><input type=\"radio\" id=\"wpforms-2996-field_27_2\" name=\"wpforms[fields][27]\" value=\"J\u00e1 participei de um evento\" aria-errormessage=\"wpforms-2996-field_27_2-error\" required ><label class=\"wpforms-field-label-inline\" for=\"wpforms-2996-field_27_2\">J\u00e1 participei de um evento<\/label><\/li><li class=\"choice-3 depth-1\"><input type=\"radio\" id=\"wpforms-2996-field_27_3\" name=\"wpforms[fields][27]\" value=\"Sou novo(a) por aqui\" aria-errormessage=\"wpforms-2996-field_27_3-error\" required ><label class=\"wpforms-field-label-inline\" for=\"wpforms-2996-field_27_3\">Sou novo(a) por aqui<\/label><\/li><\/ul><\/fieldset><\/div><div id=\"wpforms-2996-field_7-container\" class=\"wpforms-field wpforms-field-textarea\" data-field-id=\"7\"><label class=\"wpforms-field-label\" for=\"wpforms-2996-field_7\">Conta mais pra gente<\/label><textarea id=\"wpforms-2996-field_7\" class=\"wpforms-field-medium\" name=\"wpforms[fields][7]\" aria-errormessage=\"wpforms-2996-field_7-error\" aria-describedby=\"wpforms-2996-field_7-description\" ><\/textarea><div id=\"wpforms-2996-field_7-description\" class=\"wpforms-field-description\">Conta mais do que  voc\u00ea precisa, e ou como v\u00ea o seu evento. A gente vai adorar te ouvir!<\/div><\/div><\/div><!-- .wpforms-field-container --><div class=\"wpforms-submit-container\" ><input type=\"hidden\" name=\"wpforms[id]\" value=\"2996\"><input type=\"hidden\" name=\"page_title\" value=\"\"><input type=\"hidden\" name=\"page_url\" value=\"https:\/\/usina360.com\/site\/wp-json\/wp\/v2\/pages\/2994\"><input type=\"hidden\" name=\"url_referer\" value=\"\"><button type=\"submit\" name=\"wpforms[submit]\" id=\"wpforms-submit-2996\" class=\"wpforms-submit\" data-alt-text=\"Enviando...\" data-submit-text=\"Enviar \" aria-live=\"assertive\" value=\"wpforms-submit\">Enviar <\/button><img decoding=\"async\" src=\"https:\/\/usina360.com\/site\/wp-content\/plugins\/wpforms-lite\/assets\/images\/submit-spin.svg\" class=\"wpforms-submit-spinner\" style=\"display: none;\" width=\"26\" height=\"26\" alt=\"Loading\"><\/div><\/form><\/div>  <!-- .wpforms-container --><\/div>\n\t\t\t\t\t\t<\/div>\n\t\t\t\t<\/div>\n\t\t\t\t<\/div>\n\t\t\t\t<\/div>\n\t\t\t\t<\/div>\n\t\t\t\t<\/div>\n\t\t","protected":false},"excerpt":{"rendered":"<p>a gente quer muito te ouvir Preencha os campos abaixo e aguarde nosso contato em breve. Queremos transformar o seu evento em um momento grandioso e inesquec\u00edvel!<\/p>\n","protected":false},"author":3,"featured_media":0,"parent":0,"menu_order":0,"comment_status":"closed","ping_status":"closed","template":"elementor_header_footer","meta":{"om_disable_all_campaigns":false,"_monsterinsights_skip_tracking":false,"_monsterinsights_sitenote_active":false,"_monsterinsights_sitenote_note":"","_monsterinsights_sitenote_category":0,"_uf_show_specific_survey":0,"_uf_disable_surveys":false,"footnotes":""},"class_list":["post-2994","page","type-page","status-publish","hentry"],"yoast_head":"<!-- This site is optimized with the Yoast SEO plugin v24.9 - https:\/\/yoast.com\/wordpress\/plugins\/seo\/ -->\n<title>Contato - Usina 360<\/title>\n<meta name=\"robots\" content=\"index, follow, max-snippet:-1, max-image-preview:large, max-video-preview:-1\" \/>\n<link rel=\"canonical\" href=\"https:\/\/usina360.com\/site\/contato\/\" \/>\n<meta property=\"og:locale\" content=\"pt_PT\" \/>\n<meta property=\"og:type\" content=\"article\" \/>\n<meta property=\"og:title\" content=\"Contato - Usina 360\" \/>\n<meta property=\"og:description\" content=\"a gente quer muito te ouvir Preencha os campos abaixo e aguarde nosso contato em breve. Queremos transformar o seu evento em um momento grandioso e inesquec\u00edvel!\" \/>\n<meta property=\"og:url\" content=\"https:\/\/usina360.com\/site\/contato\/\" \/>\n<meta property=\"og:site_name\" content=\"Usina 360\" \/>\n<meta property=\"article:modified_time\" content=\"2024-07-23T17:42:44+00:00\" \/>\n<meta name=\"twitter:card\" content=\"summary_large_image\" \/>\n<meta name=\"twitter:label1\" content=\"Tempo estimado de leitura\" \/>\n\t<meta name=\"twitter:data1\" content=\"1 minuto\" \/>\n<script type=\"application\/ld+json\" class=\"yoast-schema-graph\">{\"@context\":\"https:\/\/schema.org\",\"@graph\":[{\"@type\":\"WebPage\",\"@id\":\"https:\/\/usina360.com\/site\/contato\/\",\"url\":\"https:\/\/usina360.com\/site\/contato\/\",\"name\":\"Contato - Usina 360\",\"isPartOf\":{\"@id\":\"https:\/\/usina360.com\/site\/#website\"},\"datePublished\":\"2024-07-23T15:26:35+00:00\",\"dateModified\":\"2024-07-23T17:42:44+00:00\",\"breadcrumb\":{\"@id\":\"https:\/\/usina360.com\/site\/contato\/#breadcrumb\"},\"inLanguage\":\"pt-PT\",\"potentialAction\":[{\"@type\":\"ReadAction\",\"target\":[\"https:\/\/usina360.com\/site\/contato\/\"]}]},{\"@type\":\"BreadcrumbList\",\"@id\":\"https:\/\/usina360.com\/site\/contato\/#breadcrumb\",\"itemListElement\":[{\"@type\":\"ListItem\",\"position\":1,\"name\":\"In\u00edcio\",\"item\":\"https:\/\/usina360.com\/site\/\"},{\"@type\":\"ListItem\",\"position\":2,\"name\":\"Contato\"}]},{\"@type\":\"WebSite\",\"@id\":\"https:\/\/usina360.com\/site\/#website\",\"url\":\"https:\/\/usina360.com\/site\/\",\"name\":\"Usina 360\",\"description\":\"Usina 360 - Ideias em conex\u00e3o\",\"potentialAction\":[{\"@type\":\"SearchAction\",\"target\":{\"@type\":\"EntryPoint\",\"urlTemplate\":\"https:\/\/usina360.com\/site\/?s={search_term_string}\"},\"query-input\":{\"@type\":\"PropertyValueSpecification\",\"valueRequired\":true,\"valueName\":\"search_term_string\"}}],\"inLanguage\":\"pt-PT\"}]}<\/script>\n<!-- \/ Yoast SEO plugin. -->","yoast_head_json":{"title":"Contato - Usina 360","robots":{"index":"index","follow":"follow","max-snippet":"max-snippet:-1","max-image-preview":"max-image-preview:large","max-video-preview":"max-video-preview:-1"},"canonical":"https:\/\/usina360.com\/site\/contato\/","og_locale":"pt_PT","og_type":"article","og_title":"Contato - Usina 360","og_description":"a gente quer muito te ouvir Preencha os campos abaixo e aguarde nosso contato em breve. Queremos transformar o seu evento em um momento grandioso e inesquec\u00edvel!","og_url":"https:\/\/usina360.com\/site\/contato\/","og_site_name":"Usina 360","article_modified_time":"2024-07-23T17:42:44+00:00","twitter_card":"summary_large_image","twitter_misc":{"Tempo estimado de leitura":"1 minuto"},"schema":{"@context":"https:\/\/schema.org","@graph":[{"@type":"WebPage","@id":"https:\/\/usina360.com\/site\/contato\/","url":"https:\/\/usina360.com\/site\/contato\/","name":"Contato - Usina 360","isPartOf":{"@id":"https:\/\/usina360.com\/site\/#website"},"datePublished":"2024-07-23T15:26:35+00:00","dateModified":"2024-07-23T17:42:44+00:00","breadcrumb":{"@id":"https:\/\/usina360.com\/site\/contato\/#breadcrumb"},"inLanguage":"pt-PT","potentialAction":[{"@type":"ReadAction","target":["https:\/\/usina360.com\/site\/contato\/"]}]},{"@type":"BreadcrumbList","@id":"https:\/\/usina360.com\/site\/contato\/#breadcrumb","itemListElement":[{"@type":"ListItem","position":1,"name":"In\u00edcio","item":"https:\/\/usina360.com\/site\/"},{"@type":"ListItem","position":2,"name":"Contato"}]},{"@type":"WebSite","@id":"https:\/\/usina360.com\/site\/#website","url":"https:\/\/usina360.com\/site\/","name":"Usina 360","description":"Usina 360 - Ideias em conex\u00e3o","potentialAction":[{"@type":"SearchAction","target":{"@type":"EntryPoint","urlTemplate":"https:\/\/usina360.com\/site\/?s={search_term_string}"},"query-input":{"@type":"PropertyValueSpecification","valueRequired":true,"valueName":"search_term_string"}}],"inLanguage":"pt-PT"}]}},"_links":{"self":[{"href":"https:\/\/usina360.com\/site\/wp-json\/wp\/v2\/pages\/2994","targetHints":{"allow":["GET"]}}],"collection":[{"href":"https:\/\/usina360.com\/site\/wp-json\/wp\/v2\/pages"}],"about":[{"href":"https:\/\/usina360.com\/site\/wp-json\/wp\/v2\/types\/page"}],"author":[{"embeddable":true,"href":"https:\/\/usina360.com\/site\/wp-json\/wp\/v2\/users\/3"}],"replies":[{"embeddable":true,"href":"https:\/\/usina360.com\/site\/wp-json\/wp\/v2\/comments?post=2994"}],"version-history":[{"count":17,"href":"https:\/\/usina360.com\/site\/wp-json\/wp\/v2\/pages\/2994\/revisions"}],"predecessor-version":[{"id":3028,"href":"https:\/\/usina360.com\/site\/wp-json\/wp\/v2\/pages\/2994\/revisions\/3028"}],"wp:attachment":[{"href":"https:\/\/usina360.com\/site\/wp-json\/wp\/v2\/media?parent=2994"}],"curies":[{"name":"wp","href":"https:\/\/api.w.org\/{rel}","templated":true}]}}