{"id":3300,"date":"2024-07-27T12:30:24","date_gmt":"2024-07-27T12:30:24","guid":{"rendered":"https:\/\/usina360.com\/site\/?page_id=3300"},"modified":"2025-04-11T02:11:53","modified_gmt":"2025-04-11T02:11:53","slug":"mice-meetings-incentives-conferencies-exhibitions","status":"publish","type":"page","link":"https:\/\/usina360.com\/site\/mice-meetings-incentives-conferencies-exhibitions\/","title":{"rendered":"MICE &#8211; MEETINGS INCENTIVES CONFERENCIES EXHIBITIONS"},"content":{"rendered":"\t\t<div data-elementor-type=\"wp-page\" data-elementor-id=\"3300\" class=\"elementor elementor-3300\" data-elementor-post-type=\"page\">\n\t\t\t\t<div class=\"elementor-element elementor-element-db173f0 e-flex e-con-boxed wpr-particle-no wpr-jarallax-no wpr-parallax-no wpr-sticky-section-no e-con e-parent\" data-id=\"db173f0\" data-element_type=\"container\">\n\t\t\t\t\t<div class=\"e-con-inner\">\n\t\t<div class=\"elementor-element elementor-element-6f119f5 e-con-full e-flex wpr-particle-no wpr-jarallax-no wpr-parallax-no wpr-sticky-section-no e-con e-child\" data-id=\"6f119f5\" data-element_type=\"container\" data-settings=\"{&quot;background_background&quot;:&quot;classic&quot;,&quot;position&quot;:&quot;absolute&quot;}\">\n\t\t<div class=\"elementor-element elementor-element-50ee872 e-con-full e-flex wpr-particle-no wpr-jarallax-no wpr-parallax-no wpr-sticky-section-no e-con e-child\" data-id=\"50ee872\" data-element_type=\"container\" data-settings=\"{&quot;background_background&quot;:&quot;classic&quot;}\">\n\t\t\t\t<\/div>\n\t\t\t\t<\/div>\n\t\t\t\t<div class=\"elementor-element elementor-element-519536b e-transform elementor-absolute elementor-hidden-tablet elementor-hidden-mobile elementor-widget elementor-widget-heading\" data-id=\"519536b\" data-element_type=\"widget\" data-settings=\"{&quot;_transform_rotateZ_effect&quot;:{&quot;unit&quot;:&quot;px&quot;,&quot;size&quot;:-90,&quot;sizes&quot;:[]},&quot;_position&quot;:&quot;absolute&quot;,&quot;_transform_rotateZ_effect_tablet&quot;:{&quot;unit&quot;:&quot;deg&quot;,&quot;size&quot;:&quot;&quot;,&quot;sizes&quot;:[]},&quot;_transform_rotateZ_effect_mobile&quot;:{&quot;unit&quot;:&quot;deg&quot;,&quot;size&quot;:&quot;&quot;,&quot;sizes&quot;:[]}}\" data-widget_type=\"heading.default\">\n\t\t\t\t<div class=\"elementor-widget-container\">\n\t\t\t\t\t<h2 class=\"elementor-heading-title elementor-size-default\">mice<\/h2>\t\t\t\t<\/div>\n\t\t\t\t<\/div>\n\t\t<div class=\"elementor-element elementor-element-fa6c724 e-con-full e-flex wpr-particle-no wpr-jarallax-no wpr-parallax-no wpr-sticky-section-no e-con e-child\" data-id=\"fa6c724\" data-element_type=\"container\" data-settings=\"{&quot;background_background&quot;:&quot;classic&quot;}\">\n\t\t<div class=\"elementor-element elementor-element-65c6cdf e-con-full e-flex wpr-particle-no wpr-jarallax-no wpr-parallax-no wpr-sticky-section-no e-con e-child\" data-id=\"65c6cdf\" data-element_type=\"container\">\n\t\t\t\t<div class=\"elementor-element elementor-element-8fba382 elementor-widget elementor-widget-heading\" data-id=\"8fba382\" data-element_type=\"widget\" data-widget_type=\"heading.default\">\n\t\t\t\t<div class=\"elementor-widget-container\">\n\t\t\t\t\t<h2 class=\"elementor-heading-title elementor-size-default\">Meetings  Incentives\nConferencies\nExhibitions<\/h2>\t\t\t\t<\/div>\n\t\t\t\t<\/div>\n\t\t\t\t<div class=\"elementor-element elementor-element-113d95f elementor-widget elementor-widget-heading\" data-id=\"113d95f\" data-element_type=\"widget\" data-widget_type=\"heading.default\">\n\t\t\t\t<div class=\"elementor-widget-container\">\n\t\t\t\t\t<h2 class=\"elementor-heading-title elementor-size-default\">(encontros)<br>\n(incentivos)<br>\n(confer\u00eancias)<br>\n(feiras)<\/h2>\t\t\t\t<\/div>\n\t\t\t\t<\/div>\n\t\t\t\t<\/div>\n\t\t\t\t<\/div>\n\t\t<div class=\"elementor-element elementor-element-97762e7 e-con-full e-flex wpr-particle-no wpr-jarallax-no wpr-parallax-no wpr-sticky-section-no e-con e-child\" data-id=\"97762e7\" data-element_type=\"container\">\n\t\t\t\t<div class=\"elementor-element elementor-element-7beae47 elementor-widget elementor-widget-heading\" data-id=\"7beae47\" data-element_type=\"widget\" data-widget_type=\"heading.default\">\n\t\t\t\t<div class=\"elementor-widget-container\">\n\t\t\t\t\t<h2 class=\"elementor-heading-title elementor-size-default\">COMO A <br>GENTE FAZ<\/h2>\t\t\t\t<\/div>\n\t\t\t\t<\/div>\n\t\t\t\t<div class=\"elementor-element elementor-element-164e13f elementor-widget elementor-widget-text-editor\" data-id=\"164e13f\" data-element_type=\"widget\" data-widget_type=\"text-editor.default\">\n\t\t\t\t<div class=\"elementor-widget-container\">\n\t\t\t\t\t\t\t\t\t<p>Somos uma ag\u00eancia de pessoas para pessoas, cujo objetivo maior \u00e9 transformar ideias em projetos reais. Queremos inovar e incrementar o relacionamento entre marcas e pessoas. H\u00e1 em nosso DNA o desejo de ousar e satisfazer, isso nos faz ser curiosos, inquietos e questionadores.<\/p><p>Acreditamos ainda, no di\u00e1logo, na originalidade, na converg\u00eancia das ferramentas de comunica\u00e7\u00e3o e tecnologias, e temos a certeza que o maior capital \u00e9 a capacidade humana de re-criar, re-inventar e propor novas experi\u00eancias.<\/p><p>Tudo que se sonha \u00e9 poss\u00edvel realizar.<br \/><br \/>MICE \u00e9:<\/p><p><strong>Meeting<\/strong><\/p><p>&#8211; Reuni\u00f5es<br \/>&#8211; Eventos corporativos<br \/>&#8211; Conven\u00e7\u00f5es<br \/>&#8211; Lan\u00e7amentos de produtos<br \/>&#8211; Inaugura\u00e7\u00f5es<br \/>&#8211; Premia\u00e7\u00f5es<\/p><p><strong>Incentive<\/strong><\/p><p>&#8211; Viagens de incentivo<\/p><p><strong>Congress<\/strong><\/p><p>&#8211; Congressos<br \/>&#8211; Simp\u00f3sios<br \/>&#8211; Semin\u00e1rios<br \/>&#8211; F\u00f3runs<\/p><p><strong>Exibi\u00e7\u00f5es<\/strong><\/p><p>&#8211; Feiras<br \/>&#8211; Trade Shows<br \/>&#8211; Road Shows<br \/>&#8211; Mostras<br \/>&#8211; Demonstra\u00e7\u00f5es de produtos<\/p>\t\t\t\t\t\t\t\t<\/div>\n\t\t\t\t<\/div>\n\t\t\t\t<\/div>\n\t\t\t\t\t<\/div>\n\t\t\t\t<\/div>\n\t\t<div class=\"elementor-element elementor-element-584a08ac e-con-full e-flex wpr-particle-no wpr-jarallax-no wpr-parallax-no wpr-sticky-section-no e-con e-parent\" data-id=\"584a08ac\" data-element_type=\"container\" data-settings=\"{&quot;background_background&quot;:&quot;classic&quot;}\">\n\t\t<div class=\"elementor-element elementor-element-4190edc8 e-con-full e-flex wpr-particle-no wpr-jarallax-no wpr-parallax-no wpr-sticky-section-no e-con e-child\" data-id=\"4190edc8\" data-element_type=\"container\">\n\t\t<div class=\"elementor-element elementor-element-77b24e2 e-con-full elementor-hidden-desktop elementor-hidden-tablet elementor-hidden-mobile e-flex wpr-particle-no wpr-jarallax-no wpr-parallax-no wpr-sticky-section-no e-con e-child\" data-id=\"77b24e2\" data-element_type=\"container\" data-settings=\"{&quot;background_background&quot;:&quot;classic&quot;}\">\n\t\t<div class=\"elementor-element elementor-element-585eac1 e-con-full e-flex wpr-particle-no wpr-jarallax-no wpr-parallax-no wpr-sticky-section-no e-con e-child\" data-id=\"585eac1\" data-element_type=\"container\">\n\t\t<div class=\"elementor-element elementor-element-acb31d0 e-con-full e-flex wpr-particle-no wpr-jarallax-no wpr-parallax-no wpr-sticky-section-no e-con e-child\" data-id=\"acb31d0\" data-element_type=\"container\">\n\t\t<div class=\"elementor-element elementor-element-7dd8db1 e-con-full e-flex wpr-particle-no wpr-jarallax-no wpr-parallax-no wpr-sticky-section-no e-con e-child\" data-id=\"7dd8db1\" data-element_type=\"container\" data-settings=\"{&quot;background_background&quot;:&quot;classic&quot;}\">\n\t\t\t\t<div class=\"elementor-element elementor-element-b629a2c sobre-mim elementor-widget__width-initial elementor-widget elementor-widget-heading\" data-id=\"b629a2c\" data-element_type=\"widget\" data-widget_type=\"heading.default\">\n\t\t\t\t<div class=\"elementor-widget-container\">\n\t\t\t\t\t<h2 class=\"elementor-heading-title elementor-size-default\">Porti f\u00f3lio<\/h2>\t\t\t\t<\/div>\n\t\t\t\t<\/div>\n\t\t\t\t<div class=\"elementor-element elementor-element-ca40760 elementor-widget__width-initial elementor-widget elementor-widget-text-editor\" data-id=\"ca40760\" data-element_type=\"widget\" data-widget_type=\"text-editor.default\">\n\t\t\t\t<div class=\"elementor-widget-container\">\n\t\t\t\t\t\t\t\t\t<p>Conhe\u00e7a o portif\u00f3lio MICE<\/p>\t\t\t\t\t\t\t\t<\/div>\n\t\t\t\t<\/div>\n\t\t\t\t<\/div>\n\t\t\t\t<\/div>\n\t\t<div class=\"elementor-element elementor-element-34d4b09 e-con-full e-flex wpr-particle-no wpr-jarallax-no wpr-parallax-no wpr-sticky-section-no e-con e-child\" data-id=\"34d4b09\" data-element_type=\"container\" data-settings=\"{&quot;background_background&quot;:&quot;classic&quot;}\">\n\t\t\t\t<div class=\"elementor-element elementor-element-9b37eac elementor--h-position-left slide-port-home elementor--v-position-middle elementor-arrows-position-inside elementor-invisible elementor-widget elementor-widget-slides\" data-id=\"9b37eac\" data-element_type=\"widget\" data-settings=\"{&quot;navigation&quot;:&quot;arrows&quot;,&quot;autoplay_speed&quot;:4000,&quot;transition&quot;:&quot;fade&quot;,&quot;transition_speed&quot;:1200,&quot;_animation&quot;:&quot;fadeIn&quot;,&quot;autoplay&quot;:&quot;yes&quot;,&quot;infinite&quot;:&quot;yes&quot;}\" data-widget_type=\"slides.default\">\n\t\t\t\t<div class=\"elementor-widget-container\">\n\t\t\t\t\t\t\t\t\t<div class=\"elementor-swiper\">\n\t\t\t\t\t<div class=\"elementor-slides-wrapper elementor-main-swiper swiper\" role=\"region\" aria-roledescription=\"carousel\" aria-label=\"Slides\" dir=\"ltr\" data-animation=\"fadeInDown\">\n\t\t\t\t<div class=\"swiper-wrapper elementor-slides\">\n\t\t\t\t\t\t\t\t\t\t<div class=\"elementor-repeater-item-2a0fae8 swiper-slide\" role=\"group\" aria-roledescription=\"slide\"><div class=\"swiper-slide-bg\" role=\"img\"><\/div><div class=\"swiper-slide-inner\" ><div class=\"swiper-slide-contents\"><div class=\"elementor-slide-heading\">\/\/ it's friday<\/div><\/div><\/div><\/div><div class=\"elementor-repeater-item-f80c515 swiper-slide\" role=\"group\" aria-roledescription=\"slide\"><div class=\"swiper-slide-bg\" role=\"img\"><\/div><div class=\"swiper-slide-inner\" ><div class=\"swiper-slide-contents\"><div class=\"elementor-slide-heading\">\/\/ Jo\u00e3o e maria<\/div><\/div><\/div><\/div><div class=\"elementor-repeater-item-6326156 swiper-slide\" role=\"group\" aria-roledescription=\"slide\"><div class=\"swiper-slide-bg\" role=\"img\"><\/div><div class=\"swiper-slide-inner\" ><div class=\"swiper-slide-contents\"><div class=\"elementor-slide-heading\">\/\/ workshop<\/div><\/div><\/div><\/div><div class=\"elementor-repeater-item-416f5bb swiper-slide\" role=\"group\" aria-roledescription=\"slide\"><div class=\"swiper-slide-bg\" role=\"img\"><\/div><div class=\"swiper-slide-inner\" ><div class=\"swiper-slide-contents\"><div class=\"elementor-slide-heading\">\/\/ festival gastron\u00f4mico<\/div><\/div><\/div><\/div>\t\t\t\t<\/div>\n\t\t\t\t\t\t\t\t\t\t\t\t\t\t\t<div class=\"elementor-swiper-button elementor-swiper-button-prev\" role=\"button\" tabindex=\"0\" aria-label=\"Previous slide\">\n\t\t\t\t\t\t\t<svg aria-hidden=\"true\" class=\"e-font-icon-svg e-eicon-chevron-left\" viewBox=\"0 0 1000 1000\" xmlns=\"http:\/\/www.w3.org\/2000\/svg\"><path d=\"M646 125C629 125 613 133 604 142L308 442C296 454 292 471 292 487 292 504 296 521 308 533L604 854C617 867 629 875 646 875 663 875 679 871 692 858 704 846 713 829 713 812 713 796 708 779 692 767L438 487 692 225C700 217 708 204 708 187 708 171 704 154 692 142 675 129 663 125 646 125Z\"><\/path><\/svg>\t\t\t\t\t\t<\/div>\n\t\t\t\t\t\t<div class=\"elementor-swiper-button elementor-swiper-button-next\" role=\"button\" tabindex=\"0\" aria-label=\"Next slide\">\n\t\t\t\t\t\t\t<svg aria-hidden=\"true\" class=\"e-font-icon-svg e-eicon-chevron-right\" viewBox=\"0 0 1000 1000\" xmlns=\"http:\/\/www.w3.org\/2000\/svg\"><path d=\"M696 533C708 521 713 504 713 487 713 471 708 454 696 446L400 146C388 133 375 125 354 125 338 125 325 129 313 142 300 154 292 171 292 187 292 204 296 221 308 233L563 492 304 771C292 783 288 800 288 817 288 833 296 850 308 863 321 871 338 875 354 875 371 875 388 867 400 854L696 533Z\"><\/path><\/svg>\t\t\t\t\t\t<\/div>\n\t\t\t\t\t\t\t\t\t\t\t\t\t\t\t\t\t<\/div>\n\t\t\t\t<\/div>\n\t\t\t\t\t\t\t\t<\/div>\n\t\t\t\t<\/div>\n\t\t\t\t<\/div>\n\t\t\t\t<\/div>\n\t\t\t\t<\/div>\n\t\t<div class=\"elementor-element elementor-element-293593da e-con-full e-flex wpr-particle-no wpr-jarallax-no wpr-parallax-no wpr-sticky-section-no e-con e-child\" data-id=\"293593da\" data-element_type=\"container\">\n\t\t<div class=\"elementor-element elementor-element-683d11eb e-con-full e-flex wpr-particle-no wpr-jarallax-no wpr-parallax-no wpr-sticky-section-no e-con e-child\" data-id=\"683d11eb\" data-element_type=\"container\" data-settings=\"{&quot;background_background&quot;:&quot;classic&quot;}\">\n\t\t\t\t<div class=\"elementor-element elementor-element-504cc196 sobre-mim elementor-widget__width-initial elementor-widget elementor-widget-heading\" data-id=\"504cc196\" data-element_type=\"widget\" data-widget_type=\"heading.default\">\n\t\t\t\t<div class=\"elementor-widget-container\">\n\t\t\t\t\t<h2 class=\"elementor-heading-title elementor-size-default\">Seu evento come\u00e7a aqui<\/h2>\t\t\t\t<\/div>\n\t\t\t\t<\/div>\n\t\t\t\t<\/div>\n\t\t<div class=\"elementor-element elementor-element-61413c31 e-con-full e-flex wpr-particle-no wpr-jarallax-no wpr-parallax-no wpr-sticky-section-no e-con e-child\" data-id=\"61413c31\" data-element_type=\"container\" data-settings=\"{&quot;background_background&quot;:&quot;classic&quot;}\">\n\t\t\t\t<div class=\"elementor-element elementor-element-7f8dc77e elementor-widget elementor-widget-image\" data-id=\"7f8dc77e\" data-element_type=\"widget\" data-widget_type=\"image.default\">\n\t\t\t\t<div class=\"elementor-widget-container\">\n\t\t\t\t\t\t\t\t\t\t\t\t\t\t\t<img decoding=\"async\" width=\"73\" height=\"73\" src=\"https:\/\/usina360.com\/site\/wp-content\/uploads\/2024\/07\/circou-arrow.svg\" class=\"attachment-large size-large wp-image-2609\" alt=\"\" \/>\t\t\t\t\t\t\t\t\t\t\t\t\t\t\t<\/div>\n\t\t\t\t<\/div>\n\t\t\t\t<div class=\"elementor-element elementor-element-33b3625 elementor-widget__width-initial btn-link elementor-widget-mobile__width-initial elementor-widget elementor-widget-text-editor\" data-id=\"33b3625\" data-element_type=\"widget\" data-widget_type=\"text-editor.default\">\n\t\t\t\t<div class=\"elementor-widget-container\">\n\t\t\t\t\t\t\t\t\t<p><a href=\"https:\/\/wa.me\/\/5531982429453\" target=\"_blank\" rel=\"noopener\"><span style=\"text-decoration: underline;\"><strong>Clique aqui<\/strong><\/span><\/a> e converse com a gente<\/p>\t\t\t\t\t\t\t\t<\/div>\n\t\t\t\t<\/div>\n\t\t\t\t<\/div>\n\t\t\t\t<\/div>\n\t\t\t\t<\/div>\n\t\t\t\t<\/div>\n\t\t\t\t<\/div>\n\t\t","protected":false},"excerpt":{"rendered":"<p>mice Meetings Incentives Conferencies Exhibitions (encontros) (incentivos) (confer\u00eancias) (feiras) COMO A GENTE FAZ Somos uma ag\u00eancia de pessoas para pessoas, cujo objetivo maior \u00e9 transformar ideias em projetos reais. Queremos inovar e incrementar o relacionamento entre marcas e pessoas. H\u00e1 em nosso DNA o desejo de ousar e satisfazer, isso nos faz ser curiosos, inquietos e questionadores. Acreditamos ainda, no di\u00e1logo, na originalidade, na converg\u00eancia das ferramentas de comunica\u00e7\u00e3o e tecnologias, e temos a certeza que o maior capital \u00e9 a capacidade humana de re-criar, re-inventar e propor novas experi\u00eancias. Tudo que se sonha \u00e9 poss\u00edvel realizar. MICE \u00e9: Meeting &#8211; Reuni\u00f5es&#8211; Eventos corporativos&#8211; Conven\u00e7\u00f5es&#8211; Lan\u00e7amentos de produtos&#8211; Inaugura\u00e7\u00f5es&#8211; Premia\u00e7\u00f5es Incentive &#8211; Viagens de incentivo Congress &#8211; Congressos&#8211; Simp\u00f3sios&#8211; Semin\u00e1rios&#8211; F\u00f3runs Exibi\u00e7\u00f5es &#8211; Feiras&#8211; Trade Shows&#8211; Road Shows&#8211; Mostras&#8211; Demonstra\u00e7\u00f5es de produtos Porti f\u00f3lio Conhe\u00e7a o portif\u00f3lio MICE \/\/ it&#8217;s friday\/\/ Jo\u00e3o e maria\/\/ workshop\/\/ festival gastron\u00f4mico Previous slide Next slide Seu evento come\u00e7a aqui Clique aqui e converse com a gente<\/p>\n","protected":false},"author":3,"featured_media":0,"parent":0,"menu_order":0,"comment_status":"closed","ping_status":"closed","template":"elementor_header_footer","meta":{"om_disable_all_campaigns":false,"_monsterinsights_skip_tracking":false,"_monsterinsights_sitenote_active":false,"_monsterinsights_sitenote_note":"","_monsterinsights_sitenote_category":0,"_uf_show_specific_survey":0,"_uf_disable_surveys":false,"footnotes":""},"class_list":["post-3300","page","type-page","status-publish","hentry"],"yoast_head":"<!-- This site is optimized with the Yoast SEO plugin v24.9 - https:\/\/yoast.com\/wordpress\/plugins\/seo\/ -->\n<title>MICE - MEETINGS INCENTIVES CONFERENCIES EXHIBITIONS - Usina 360<\/title>\n<meta name=\"robots\" content=\"index, follow, max-snippet:-1, max-image-preview:large, max-video-preview:-1\" \/>\n<link rel=\"canonical\" href=\"https:\/\/usina360.com\/site\/mice-meetings-incentives-conferencies-exhibitions\/\" \/>\n<meta property=\"og:locale\" content=\"pt_PT\" \/>\n<meta property=\"og:type\" content=\"article\" \/>\n<meta property=\"og:title\" content=\"MICE - MEETINGS INCENTIVES CONFERENCIES EXHIBITIONS - Usina 360\" \/>\n<meta property=\"og:description\" content=\"mice Meetings Incentives Conferencies Exhibitions (encontros) (incentivos) (confer\u00eancias) (feiras) COMO A GENTE FAZ Somos uma ag\u00eancia de pessoas para pessoas, cujo objetivo maior \u00e9 transformar ideias em projetos reais. Queremos inovar e incrementar o relacionamento entre marcas e pessoas. H\u00e1 em nosso DNA o desejo de ousar e satisfazer, isso nos faz ser curiosos, inquietos e questionadores. Acreditamos ainda, no di\u00e1logo, na originalidade, na converg\u00eancia das ferramentas de comunica\u00e7\u00e3o e tecnologias, e temos a certeza que o maior capital \u00e9 a capacidade humana de re-criar, re-inventar e propor novas experi\u00eancias. Tudo que se sonha \u00e9 poss\u00edvel realizar. MICE \u00e9: Meeting &#8211; Reuni\u00f5es&#8211; Eventos corporativos&#8211; Conven\u00e7\u00f5es&#8211; Lan\u00e7amentos de produtos&#8211; Inaugura\u00e7\u00f5es&#8211; Premia\u00e7\u00f5es Incentive &#8211; Viagens de incentivo Congress &#8211; Congressos&#8211; Simp\u00f3sios&#8211; Semin\u00e1rios&#8211; F\u00f3runs Exibi\u00e7\u00f5es &#8211; Feiras&#8211; Trade Shows&#8211; Road Shows&#8211; Mostras&#8211; Demonstra\u00e7\u00f5es de produtos Porti f\u00f3lio Conhe\u00e7a o portif\u00f3lio MICE \/\/ it&#8217;s friday\/\/ Jo\u00e3o e maria\/\/ workshop\/\/ festival gastron\u00f4mico Previous slide Next slide Seu evento come\u00e7a aqui Clique aqui e converse com a gente\" \/>\n<meta property=\"og:url\" content=\"https:\/\/usina360.com\/site\/mice-meetings-incentives-conferencies-exhibitions\/\" \/>\n<meta property=\"og:site_name\" content=\"Usina 360\" \/>\n<meta property=\"article:modified_time\" content=\"2025-04-11T02:11:53+00:00\" \/>\n<meta name=\"twitter:card\" content=\"summary_large_image\" \/>\n<meta name=\"twitter:label1\" content=\"Tempo estimado de leitura\" \/>\n\t<meta name=\"twitter:data1\" content=\"2 minutos\" \/>\n<script type=\"application\/ld+json\" class=\"yoast-schema-graph\">{\"@context\":\"https:\/\/schema.org\",\"@graph\":[{\"@type\":\"WebPage\",\"@id\":\"https:\/\/usina360.com\/site\/mice-meetings-incentives-conferencies-exhibitions\/\",\"url\":\"https:\/\/usina360.com\/site\/mice-meetings-incentives-conferencies-exhibitions\/\",\"name\":\"MICE - MEETINGS INCENTIVES CONFERENCIES EXHIBITIONS - Usina 360\",\"isPartOf\":{\"@id\":\"https:\/\/usina360.com\/site\/#website\"},\"primaryImageOfPage\":{\"@id\":\"https:\/\/usina360.com\/site\/mice-meetings-incentives-conferencies-exhibitions\/#primaryimage\"},\"image\":{\"@id\":\"https:\/\/usina360.com\/site\/mice-meetings-incentives-conferencies-exhibitions\/#primaryimage\"},\"thumbnailUrl\":\"https:\/\/usina360.com\/site\/wp-content\/uploads\/2024\/07\/circou-arrow.svg\",\"datePublished\":\"2024-07-27T12:30:24+00:00\",\"dateModified\":\"2025-04-11T02:11:53+00:00\",\"breadcrumb\":{\"@id\":\"https:\/\/usina360.com\/site\/mice-meetings-incentives-conferencies-exhibitions\/#breadcrumb\"},\"inLanguage\":\"pt-PT\",\"potentialAction\":[{\"@type\":\"ReadAction\",\"target\":[\"https:\/\/usina360.com\/site\/mice-meetings-incentives-conferencies-exhibitions\/\"]}]},{\"@type\":\"ImageObject\",\"inLanguage\":\"pt-PT\",\"@id\":\"https:\/\/usina360.com\/site\/mice-meetings-incentives-conferencies-exhibitions\/#primaryimage\",\"url\":\"https:\/\/usina360.com\/site\/wp-content\/uploads\/2024\/07\/circou-arrow.svg\",\"contentUrl\":\"https:\/\/usina360.com\/site\/wp-content\/uploads\/2024\/07\/circou-arrow.svg\",\"width\":73,\"height\":73},{\"@type\":\"BreadcrumbList\",\"@id\":\"https:\/\/usina360.com\/site\/mice-meetings-incentives-conferencies-exhibitions\/#breadcrumb\",\"itemListElement\":[{\"@type\":\"ListItem\",\"position\":1,\"name\":\"In\u00edcio\",\"item\":\"https:\/\/usina360.com\/site\/\"},{\"@type\":\"ListItem\",\"position\":2,\"name\":\"MICE &#8211; MEETINGS INCENTIVES CONFERENCIES EXHIBITIONS\"}]},{\"@type\":\"WebSite\",\"@id\":\"https:\/\/usina360.com\/site\/#website\",\"url\":\"https:\/\/usina360.com\/site\/\",\"name\":\"Usina 360\",\"description\":\"Usina 360 - Ideias em conex\u00e3o\",\"potentialAction\":[{\"@type\":\"SearchAction\",\"target\":{\"@type\":\"EntryPoint\",\"urlTemplate\":\"https:\/\/usina360.com\/site\/?s={search_term_string}\"},\"query-input\":{\"@type\":\"PropertyValueSpecification\",\"valueRequired\":true,\"valueName\":\"search_term_string\"}}],\"inLanguage\":\"pt-PT\"}]}<\/script>\n<!-- \/ Yoast SEO plugin. -->","yoast_head_json":{"title":"MICE - MEETINGS INCENTIVES CONFERENCIES EXHIBITIONS - Usina 360","robots":{"index":"index","follow":"follow","max-snippet":"max-snippet:-1","max-image-preview":"max-image-preview:large","max-video-preview":"max-video-preview:-1"},"canonical":"https:\/\/usina360.com\/site\/mice-meetings-incentives-conferencies-exhibitions\/","og_locale":"pt_PT","og_type":"article","og_title":"MICE - MEETINGS INCENTIVES CONFERENCIES EXHIBITIONS - Usina 360","og_description":"mice Meetings Incentives Conferencies Exhibitions (encontros) (incentivos) (confer\u00eancias) (feiras) COMO A GENTE FAZ Somos uma ag\u00eancia de pessoas para pessoas, cujo objetivo maior \u00e9 transformar ideias em projetos reais. Queremos inovar e incrementar o relacionamento entre marcas e pessoas. H\u00e1 em nosso DNA o desejo de ousar e satisfazer, isso nos faz ser curiosos, inquietos e questionadores. Acreditamos ainda, no di\u00e1logo, na originalidade, na converg\u00eancia das ferramentas de comunica\u00e7\u00e3o e tecnologias, e temos a certeza que o maior capital \u00e9 a capacidade humana de re-criar, re-inventar e propor novas experi\u00eancias. Tudo que se sonha \u00e9 poss\u00edvel realizar. MICE \u00e9: Meeting &#8211; Reuni\u00f5es&#8211; Eventos corporativos&#8211; Conven\u00e7\u00f5es&#8211; Lan\u00e7amentos de produtos&#8211; Inaugura\u00e7\u00f5es&#8211; Premia\u00e7\u00f5es Incentive &#8211; Viagens de incentivo Congress &#8211; Congressos&#8211; Simp\u00f3sios&#8211; Semin\u00e1rios&#8211; F\u00f3runs Exibi\u00e7\u00f5es &#8211; Feiras&#8211; Trade Shows&#8211; Road Shows&#8211; Mostras&#8211; Demonstra\u00e7\u00f5es de produtos Porti f\u00f3lio Conhe\u00e7a o portif\u00f3lio MICE \/\/ it&#8217;s friday\/\/ Jo\u00e3o e maria\/\/ workshop\/\/ festival gastron\u00f4mico Previous slide Next slide Seu evento come\u00e7a aqui Clique aqui e converse com a gente","og_url":"https:\/\/usina360.com\/site\/mice-meetings-incentives-conferencies-exhibitions\/","og_site_name":"Usina 360","article_modified_time":"2025-04-11T02:11:53+00:00","twitter_card":"summary_large_image","twitter_misc":{"Tempo estimado de leitura":"2 minutos"},"schema":{"@context":"https:\/\/schema.org","@graph":[{"@type":"WebPage","@id":"https:\/\/usina360.com\/site\/mice-meetings-incentives-conferencies-exhibitions\/","url":"https:\/\/usina360.com\/site\/mice-meetings-incentives-conferencies-exhibitions\/","name":"MICE - MEETINGS INCENTIVES CONFERENCIES EXHIBITIONS - Usina 360","isPartOf":{"@id":"https:\/\/usina360.com\/site\/#website"},"primaryImageOfPage":{"@id":"https:\/\/usina360.com\/site\/mice-meetings-incentives-conferencies-exhibitions\/#primaryimage"},"image":{"@id":"https:\/\/usina360.com\/site\/mice-meetings-incentives-conferencies-exhibitions\/#primaryimage"},"thumbnailUrl":"https:\/\/usina360.com\/site\/wp-content\/uploads\/2024\/07\/circou-arrow.svg","datePublished":"2024-07-27T12:30:24+00:00","dateModified":"2025-04-11T02:11:53+00:00","breadcrumb":{"@id":"https:\/\/usina360.com\/site\/mice-meetings-incentives-conferencies-exhibitions\/#breadcrumb"},"inLanguage":"pt-PT","potentialAction":[{"@type":"ReadAction","target":["https:\/\/usina360.com\/site\/mice-meetings-incentives-conferencies-exhibitions\/"]}]},{"@type":"ImageObject","inLanguage":"pt-PT","@id":"https:\/\/usina360.com\/site\/mice-meetings-incentives-conferencies-exhibitions\/#primaryimage","url":"https:\/\/usina360.com\/site\/wp-content\/uploads\/2024\/07\/circou-arrow.svg","contentUrl":"https:\/\/usina360.com\/site\/wp-content\/uploads\/2024\/07\/circou-arrow.svg","width":73,"height":73},{"@type":"BreadcrumbList","@id":"https:\/\/usina360.com\/site\/mice-meetings-incentives-conferencies-exhibitions\/#breadcrumb","itemListElement":[{"@type":"ListItem","position":1,"name":"In\u00edcio","item":"https:\/\/usina360.com\/site\/"},{"@type":"ListItem","position":2,"name":"MICE &#8211; MEETINGS INCENTIVES CONFERENCIES EXHIBITIONS"}]},{"@type":"WebSite","@id":"https:\/\/usina360.com\/site\/#website","url":"https:\/\/usina360.com\/site\/","name":"Usina 360","description":"Usina 360 - Ideias em conex\u00e3o","potentialAction":[{"@type":"SearchAction","target":{"@type":"EntryPoint","urlTemplate":"https:\/\/usina360.com\/site\/?s={search_term_string}"},"query-input":{"@type":"PropertyValueSpecification","valueRequired":true,"valueName":"search_term_string"}}],"inLanguage":"pt-PT"}]}},"_links":{"self":[{"href":"https:\/\/usina360.com\/site\/wp-json\/wp\/v2\/pages\/3300","targetHints":{"allow":["GET"]}}],"collection":[{"href":"https:\/\/usina360.com\/site\/wp-json\/wp\/v2\/pages"}],"about":[{"href":"https:\/\/usina360.com\/site\/wp-json\/wp\/v2\/types\/page"}],"author":[{"embeddable":true,"href":"https:\/\/usina360.com\/site\/wp-json\/wp\/v2\/users\/3"}],"replies":[{"embeddable":true,"href":"https:\/\/usina360.com\/site\/wp-json\/wp\/v2\/comments?post=3300"}],"version-history":[{"count":16,"href":"https:\/\/usina360.com\/site\/wp-json\/wp\/v2\/pages\/3300\/revisions"}],"predecessor-version":[{"id":3928,"href":"https:\/\/usina360.com\/site\/wp-json\/wp\/v2\/pages\/3300\/revisions\/3928"}],"wp:attachment":[{"href":"https:\/\/usina360.com\/site\/wp-json\/wp\/v2\/media?parent=3300"}],"curies":[{"name":"wp","href":"https:\/\/api.w.org\/{rel}","templated":true}]}}